{"id":88,"date":"2024-02-14T15:13:52","date_gmt":"2024-02-14T15:13:52","guid":{"rendered":"https:\/\/ny.arbio.se\/om-arbio\/?page_id=88"},"modified":"2024-02-15T10:50:14","modified_gmt":"2024-02-15T10:50:14","slug":"gdpr","status":"publish","type":"page","link":"https:\/\/arbio.se\/om-arbio\/gdpr\/","title":{"rendered":"GDPR"},"content":{"rendered":"\n<p><a href=\"https:\/\/arbio.se\/wp-content\/uploads\/2024\/02\/GDPR-Arbio-information-svenska.pdf\">GDPR ARBIO information p\u00e5 svenska<\/a><\/p>\n\n\n\n<p><a href=\"https:\/\/arbio.se\/wp-content\/uploads\/2024\/02\/GDPR-Arbio-information-English.pdf\">GDPR ARBIO information p\u00e5 engelska<\/a><\/p>\n\n\n\n<p><a href=\"https:\/\/arbio.se\/wp-content\/uploads\/2024\/02\/Blankett-GDPR-forfragan.pdf\">Blankett GDPR-f\u00f6rfr\u00e5gan<\/a><\/p>\n","protected":false},"excerpt":{"rendered":"<p>GDPR ARBIO information p\u00e5 svenska GDPR ARBIO information p\u00e5 engelska Blankett GDPR-f\u00f6rfr\u00e5gan<\/p>\n","protected":false},"author":1,"featured_media":0,"parent":0,"menu_order":0,"comment_status":"closed","ping_status":"closed","template":"","meta":{"footnotes":""},"class_list":["post-88","page","type-page","status-publish","hentry"],"_links":{"self":[{"href":"https:\/\/arbio.se\/om-arbio\/wp-json\/wp\/v2\/pages\/88","targetHints":{"allow":["GET"]}}],"collection":[{"href":"https:\/\/arbio.se\/om-arbio\/wp-json\/wp\/v2\/pages"}],"about":[{"href":"https:\/\/arbio.se\/om-arbio\/wp-json\/wp\/v2\/types\/page"}],"author":[{"embeddable":true,"href":"https:\/\/arbio.se\/om-arbio\/wp-json\/wp\/v2\/users\/1"}],"replies":[{"embeddable":true,"href":"https:\/\/arbio.se\/om-arbio\/wp-json\/wp\/v2\/comments?post=88"}],"version-history":[{"count":5,"href":"https:\/\/arbio.se\/om-arbio\/wp-json\/wp\/v2\/pages\/88\/revisions"}],"predecessor-version":[{"id":117,"href":"https:\/\/arbio.se\/om-arbio\/wp-json\/wp\/v2\/pages\/88\/revisions\/117"}],"wp:attachment":[{"href":"https:\/\/arbio.se\/om-arbio\/wp-json\/wp\/v2\/media?parent=88"}],"curies":[{"name":"wp","href":"https:\/\/api.w.org\/{rel}","templated":true}]}}